{"id":41,"date":"2024-04-22T11:09:02","date_gmt":"2024-04-22T15:09:02","guid":{"rendered":"https:\/\/jnbackline.com\/?page_id=41"},"modified":"2024-12-28T00:14:47","modified_gmt":"2024-12-28T04:14:47","slug":"contact","status":"publish","type":"page","link":"https:\/\/jnbackline.com\/es\/contact\/","title":{"rendered":"Contact"},"content":{"rendered":"\n<div class=\"wp-block-cover alignfull\" style=\"min-height:178px;aspect-ratio:unset;\"><span aria-hidden=\"true\" class=\"wp-block-cover__background has-background-dim-70 has-background-dim\" style=\"background-color:#000000\"><\/span><img loading=\"lazy\" decoding=\"async\" width=\"1600\" height=\"1600\" class=\"wp-block-cover__image-background wp-image-108\" alt=\"\" src=\"https:\/\/jnbackline.com\/wp-content\/uploads\/2024\/04\/IMG_2563.jpg\" style=\"object-position:55% 80%\" data-object-fit=\"cover\" data-object-position=\"55% 80%\" srcset=\"https:\/\/jnbackline.com\/wp-content\/uploads\/2024\/04\/IMG_2563.jpg 1600w, https:\/\/jnbackline.com\/wp-content\/uploads\/2024\/04\/IMG_2563-300x300.jpg 300w, https:\/\/jnbackline.com\/wp-content\/uploads\/2024\/04\/IMG_2563-1024x1024.jpg 1024w, https:\/\/jnbackline.com\/wp-content\/uploads\/2024\/04\/IMG_2563-150x150.jpg 150w, https:\/\/jnbackline.com\/wp-content\/uploads\/2024\/04\/IMG_2563-768x768.jpg 768w, https:\/\/jnbackline.com\/wp-content\/uploads\/2024\/04\/IMG_2563-1536x1536.jpg 1536w\" sizes=\"(max-width: 1600px) 100vw, 1600px\" \/><div class=\"wp-block-cover__inner-container is-layout-flow wp-block-cover-is-layout-flow\">\n<div class=\"wp-block-uagb-advanced-heading uagb-block-40f3ad19\"><h2 class=\"uagb-heading-text\"><strong>Cont\u00e1ctenos<\/strong><\/h2><\/div>\n<\/div><\/div>\n\n\n\n<div class=\"wp-block-uagb-container uagb-block-d7083769 alignfull uagb-is-root-container\"><div class=\"uagb-container-inner-blocks-wrap\">\n<div class=\"wp-block-uagb-advanced-heading uagb-block-b1d11558\"><p class=\"uagb-heading-text\">\u00a1Estamos aqu\u00ed para ayudar! Si tienes alguna pregunta, necesitas soporte, o quieres compartir tus comentarios, por favor no dudes en ponerte en contacto. Llena el formulario que se encuentra a continuaci\u00f3n o comun\u00edcate a trav\u00e9s de nuestro correo electr\u00f3nico o n\u00famero de tel\u00e9fono listados en esta p\u00e1gina. Estamos comprometidos en brindarte el servicio que necesitas.<\/p><\/div>\n\n\n\n<div class=\"wp-block-uagb-info-box uagb-block-a43612ee uagb-infobox__content-wrap  uagb-infobox-icon-left-title uagb-infobox-left uagb-infobox-image-valign-top\"><div class=\"uagb-ifb-content\"><div class=\"uagb-ifb-left-title-image\"><div class=\"uagb-ifb-title-wrap\"><\/div><\/div><div class=\"uagb-ifb-button-wrapper wp-block-button\"><a href=\"mailto:jn.backline.repair@gmail.com\" target=\"_blank\" onclick=\"return true;\" class=\"uagb-infobox-cta-link\" rel=\"noopener noreferrer\" alt=\"\"><svg xmlns=\"https:\/\/www.w3.org\/2000\/svg\" viewBox=\"0 0 512 512\"><path d=\"M464 64C490.5 64 512 85.49 512 112C512 127.1 504.9 141.3 492.8 150.4L275.2 313.6C263.8 322.1 248.2 322.1 236.8 313.6L19.2 150.4C7.113 141.3 0 127.1 0 112C0 85.49 21.49 64 48 64H464zM217.6 339.2C240.4 356.3 271.6 356.3 294.4 339.2L512 176V384C512 419.3 483.3 448 448 448H64C28.65 448 0 419.3 0 384V176L217.6 339.2z\"><\/path><\/svg><span class=\"uagb-inline-editing\">jn.backline.repair@gmail.com<\/span><\/a><\/div><\/div><\/div>\n\n\n\n<div class=\"wp-block-uagb-info-box uagb-block-52cc3947 uagb-infobox__content-wrap  uagb-infobox-icon-left-title uagb-infobox-left uagb-infobox-image-valign-top\"><div class=\"uagb-ifb-content\"><div class=\"uagb-ifb-left-title-image\"><div class=\"uagb-ifb-title-wrap\"><\/div><\/div><div class=\"uagb-ifb-button-wrapper wp-block-button\"><a href=\"tel:787-328-6060\" target=\"_blank\" onclick=\"return true;\" class=\"uagb-infobox-cta-link\" rel=\"noopener noreferrer\" alt=\"\"><svg xmlns=\"https:\/\/www.w3.org\/2000\/svg\" viewBox=\"0 0 512 512\"><path d=\"M511.2 387l-23.25 100.8c-3.266 14.25-15.79 24.22-30.46 24.22C205.2 512 0 306.8 0 54.5c0-14.66 9.969-27.2 24.22-30.45l100.8-23.25C139.7-2.602 154.7 5.018 160.8 18.92l46.52 108.5c5.438 12.78 1.77 27.67-8.98 36.45L144.5 207.1c33.98 69.22 90.26 125.5 159.5 159.5l44.08-53.8c8.688-10.78 23.69-14.51 36.47-8.975l108.5 46.51C506.1 357.2 514.6 372.4 511.2 387z\"><\/path><\/svg><span class=\"uagb-inline-editing\">787-328-6060<\/span><\/a><\/div><\/div><\/div>\n\n\n\n<div class=\"wp-block-uagb-forms uagb-forms__outer-wrap uagb-block-a859604b uagb-forms__medium-btn\"><form class=\"uagb-forms-main-form\" method=\"post\" autocomplete=\"on\" name=\"uagb-form-a859604b\">\n<div class=\"wp-block-uagb-forms-name uagb-forms-name-wrap uagb-forms-field-set uagb-block-fc720044\"><div class=\"uagb-forms-name-label required uagb-forms-input-label\" id=\"fc720044\">Nombre<\/div><input type=\"text\" placeholder=\"John\" required class=\"uagb-forms-name-input uagb-forms-input\" name=\"fc720044\" autocomplete=\"given-name\"\/><\/div>\n\n\n\n<div class=\"wp-block-uagb-forms-name uagb-forms-name-wrap uagb-forms-field-set uagb-block-4fe715ba\"><div class=\"uagb-forms-name-label required uagb-forms-input-label\" id=\"4fe715ba\">Apellido<\/div><input type=\"text\" placeholder=\"Doe\" required class=\"uagb-forms-name-input uagb-forms-input\" name=\"4fe715ba\" autocomplete=\"family-name\"\/><\/div>\n\n\n\n<div class=\"wp-block-uagb-forms-email uagb-forms-email-wrap uagb-forms-field-set uagb-block-6628daa7\"><div class=\"uagb-forms-email-label required uagb-forms-input-label\" id=\"6628daa7\">Correo Electr\u00f3nico<\/div><input type=\"email\" class=\"uagb-forms-email-input uagb-forms-input\" placeholder=\"example@mail.com\" required name=\"6628daa7\" autocomplete=\"email\"\/><\/div>\n\n\n\n<div class=\"wp-block-uagb-forms-textarea uagb-forms-textarea-wrap uagb-forms-field-set uagb-block-977301e7\"><div class=\"uagb-forms-textarea-label required uagb-forms-input-label\" id=\"977301e7\">Mensaje<\/div><textarea required class=\"uagb-forms-textarea-input uagb-forms-input\" rows=\"4\" placeholder=\"Entra tu mensaje\" name=\"977301e7\" autocomplete=\"off\"><\/textarea><\/div>\n<div class=\"uagb-forms-form-hidden-data\"><input type=\"hidden\" class=\"uagb_forms_form_label\" value=\"Spectra Form\"\/><input type=\"hidden\" class=\"uagb_forms_form_id\" value=\"uagb-form-a859604b\"\/><\/div><div class=\"uagb-form-reacaptcha-error-a859604b\"><\/div><div class=\"uagb-forms-main-submit-button-wrap wp-block-button\"><button class=\"uagb-forms-main-submit-button wp-block-button__link\"><div class=\"uagb-forms-main-submit-button-text\">Enviar<\/div><\/button><\/div><\/form><div class=\"uagb-forms-success-message-a859604b uagb-forms-submit-message-hide\"><span>Gracias por contactarnos. Le responderemos a la mayor brevedad posible.<\/span><\/div><div class=\"uagb-forms-failed-message-a859604b uagb-forms-submit-message-hide\"><span>Ha ocurrido un error al enviar el formulario. Por favor verifica todos los campos del formulario nuevamente.<\/span><\/div><\/div>\n<\/div><\/div>\n","protected":false},"excerpt":{"rendered":"<p>\u00a1Estamos aqu\u00ed para ayudar! Si tienes alguna pregunta, necesitas soporte, o quieres compartir tus comentarios, por favor no dudes en [&hellip;]<\/p>\n","protected":false},"author":1,"featured_media":0,"parent":0,"menu_order":0,"comment_status":"closed","ping_status":"closed","template":"","meta":{"_uag_custom_page_level_css":"","site-sidebar-layout":"default","site-content-layout":"","ast-site-content-layout":"","site-content-style":"default","site-sidebar-style":"default","ast-global-header-display":"","ast-banner-title-visibility":"","ast-main-header-display":"","ast-hfb-above-header-display":"","ast-hfb-below-header-display":"","ast-hfb-mobile-header-display":"","site-post-title":"disabled","ast-breadcrumbs-content":"","ast-featured-img":"","footer-sml-layout":"","theme-transparent-header-meta":"","adv-header-id-meta":"","stick-header-meta":"","header-above-stick-meta":"","header-main-stick-meta":"","header-below-stick-meta":"","astra-migrate-meta-layouts":"default","ast-page-background-enabled":"default","ast-page-background-meta":{"desktop":{"background-color":"var(--ast-global-color-4)","background-image":"","background-repeat":"repeat","background-position":"center center","background-size":"auto","background-attachment":"scroll","background-type":"","background-media":"","overlay-type":"","overlay-color":"","overlay-gradient":""},"tablet":{"background-color":"","background-image":"","background-repeat":"repeat","background-position":"center center","background-size":"auto","background-attachment":"scroll","background-type":"","background-media":"","overlay-type":"","overlay-color":"","overlay-gradient":""},"mobile":{"background-color":"","background-image":"","background-repeat":"repeat","background-position":"center center","background-size":"auto","background-attachment":"scroll","background-type":"","background-media":"","overlay-type":"","overlay-color":"","overlay-gradient":""}},"ast-content-background-meta":{"desktop":{"background-color":"var(--ast-global-color-5)","background-image":"","background-repeat":"repeat","background-position":"center center","background-size":"auto","background-attachment":"scroll","background-type":"","background-media":"","overlay-type":"","overlay-color":"","overlay-gradient":""},"tablet":{"background-color":"var(--ast-global-color-5)","background-image":"","background-repeat":"repeat","background-position":"center center","background-size":"auto","background-attachment":"scroll","background-type":"","background-media":"","overlay-type":"","overlay-color":"","overlay-gradient":""},"mobile":{"background-color":"var(--ast-global-color-5)","background-image":"","background-repeat":"repeat","background-position":"center center","background-size":"auto","background-attachment":"scroll","background-type":"","background-media":"","overlay-type":"","overlay-color":"","overlay-gradient":""}},"footnotes":""},"uagb_featured_image_src":{"full":false,"thumbnail":false,"medium":false,"medium_large":false,"large":false,"1536x1536":false,"2048x2048":false,"trp-custom-language-flag":false},"uagb_author_info":{"display_name":"jnbackline.com","author_link":"https:\/\/jnbackline.com\/es\/author\/lightgoldenrodyellow-chough-883200-hostingersite-c\/"},"uagb_comment_info":0,"uagb_excerpt":"\u00a1Estamos aqu\u00ed para ayudar! Si tienes alguna pregunta, necesitas soporte, o quieres compartir tus comentarios, por favor no dudes en [&hellip;]","_links":{"self":[{"href":"https:\/\/jnbackline.com\/es\/wp-json\/wp\/v2\/pages\/41"}],"collection":[{"href":"https:\/\/jnbackline.com\/es\/wp-json\/wp\/v2\/pages"}],"about":[{"href":"https:\/\/jnbackline.com\/es\/wp-json\/wp\/v2\/types\/page"}],"author":[{"embeddable":true,"href":"https:\/\/jnbackline.com\/es\/wp-json\/wp\/v2\/users\/1"}],"replies":[{"embeddable":true,"href":"https:\/\/jnbackline.com\/es\/wp-json\/wp\/v2\/comments?post=41"}],"version-history":[{"count":44,"href":"https:\/\/jnbackline.com\/es\/wp-json\/wp\/v2\/pages\/41\/revisions"}],"predecessor-version":[{"id":771,"href":"https:\/\/jnbackline.com\/es\/wp-json\/wp\/v2\/pages\/41\/revisions\/771"}],"wp:attachment":[{"href":"https:\/\/jnbackline.com\/es\/wp-json\/wp\/v2\/media?parent=41"}],"curies":[{"name":"wp","href":"https:\/\/api.w.org\/{rel}","templated":true}]}}