{"id":40,"date":"2024-04-22T11:09:02","date_gmt":"2024-04-22T15:09:02","guid":{"rendered":"https:\/\/jnbackline.com\/?page_id=40"},"modified":"2024-12-28T00:13:02","modified_gmt":"2024-12-28T04:13:02","slug":"about-us","status":"publish","type":"page","link":"https:\/\/jnbackline.com\/es\/about-us\/","title":{"rendered":"About Us"},"content":{"rendered":"\n<div class=\"wp-block-cover alignfull\" style=\"min-height:178px;aspect-ratio:unset;\"><span aria-hidden=\"true\" class=\"wp-block-cover__background has-background-dim-70 has-background-dim\" style=\"background-color:#000000\"><\/span><img loading=\"lazy\" decoding=\"async\" width=\"1600\" height=\"1066\" class=\"wp-block-cover__image-background wp-image-267\" alt=\"\" src=\"https:\/\/jnbackline.com\/wp-content\/uploads\/2024\/04\/DSC01790_websize.jpg\" style=\"object-position:55% 100%\" data-object-fit=\"cover\" data-object-position=\"55% 100%\" srcset=\"https:\/\/jnbackline.com\/wp-content\/uploads\/2024\/04\/DSC01790_websize.jpg 1600w, https:\/\/jnbackline.com\/wp-content\/uploads\/2024\/04\/DSC01790_websize-300x200.jpg 300w, https:\/\/jnbackline.com\/wp-content\/uploads\/2024\/04\/DSC01790_websize-1024x682.jpg 1024w, https:\/\/jnbackline.com\/wp-content\/uploads\/2024\/04\/DSC01790_websize-768x512.jpg 768w, https:\/\/jnbackline.com\/wp-content\/uploads\/2024\/04\/DSC01790_websize-1536x1023.jpg 1536w\" sizes=\"(max-width: 1600px) 100vw, 1600px\" \/><div class=\"wp-block-cover__inner-container is-layout-flow wp-block-cover-is-layout-flow\">\n<div class=\"wp-block-uagb-advanced-heading uagb-block-40f3ad19\"><h2 class=\"uagb-heading-text\">Sobre Nosotros<\/h2><\/div>\n<\/div><\/div>\n\n\n\n<div class=\"wp-block-uagb-container uagb-block-331f498f alignfull uagb-is-root-container\"><div class=\"uagb-container-inner-blocks-wrap\">\n<div class=\"wp-block-uagb-container uagb-block-9c01a46b\">\n<div class=\"wp-block-uagb-info-box uagb-block-280efc9c uagb-infobox__content-wrap  uagb-infobox-icon-above-title uagb-infobox-image-valign-top\"><div class=\"uagb-ifb-content\"><div class=\"uagb-ifb-image-content\"><img decoding=\"async\" src=\"https:\/\/jnbackline.com\/wp-content\/uploads\/2024\/04\/WhatsApp-Image-2024-04-16-at-16.24.28.jpeg\" alt=\"\" width=\"\" height=\"0\" loading=\"lazy\"\/><\/div><div class=\"uagb-ifb-title-wrap\"><h3 class=\"uagb-ifb-title\">Quienes somos<\/h3><\/div><p class=\"uagb-ifb-desc\">Desde 2017, JN Backline se ha dedicado a la industria de la m\u00fasica, enfoc\u00e1ndose en los servicios de mantenimiento y restauraci\u00f3n de bater\u00edas. Con el tiempo, muchos clientes han llegado a apreciar nuestro excelente trabajo, confiando plenamente en nosotros. Amigos y colegas tambi\u00e9n notaron la calidad de nuestras bater\u00edas, las cuales siempre estaban en perfectas condiciones. Esto llev\u00f3 a muchos de ellos a pedirnos prestadas nuestras bater\u00edas, sin darse cuenta de que nuestro negocio estaba evolucionando y que est\u00e1bamos ofreciendo un servicio. Eventualmente, nos vimos motivados a expandir nuestra oferta para incluir una gama completa de instrumentos para lo que ahora llamamos \u00abBackline\u00bb. Esto nos permite proporcionar servicios a los m\u00fasicos en eventos, ayud\u00e1ndoles a evitar la molestia de transportar su propio equipo. Hemos trabajado en conciertos, bodas, eventos de iglesias y m\u00e1s, alquilando nuestro equipo. Nuestro inventario ahora incluye bater\u00edas, pianos, amplificadores de guitarra, amplificadores de bajo y peque\u00f1os instrumentos de percusi\u00f3n. Hoy, gracias a Dios, contamos con una vasta gama de instrumentos y equipos para satisfacer las necesidades de cada evento.<\/p><\/div><\/div>\n<\/div>\n<\/div><\/div>\n\n\n\n<div class=\"wp-block-uagb-container uagb-block-b95ec771 alignfull uagb-is-root-container\"><div class=\"uagb-container-inner-blocks-wrap\">\n<div class=\"wp-block-uagb-container uagb-block-34710094\">\n<div class=\"wp-block-uagb-info-box uagb-block-1afa0433 uagb-infobox__content-wrap  uagb-infobox-icon-above-title uagb-infobox-image-valign-top\"><div class=\"uagb-ifb-content\"><div class=\"uagb-ifb-image-content\"><img decoding=\"async\" src=\"https:\/\/jnbackline.com\/wp-content\/uploads\/2024\/04\/WhatsApp-Image-2024-04-16-at-16.24.28-1.jpeg\" alt=\"\" width=\"\" height=\"0\" loading=\"lazy\"\/><\/div><div class=\"uagb-ifb-title-wrap\"><h3 class=\"uagb-ifb-title\">Nuestra Misi\u00f3n<\/h3><\/div><p class=\"uagb-ifb-desc\">Nuestra misi\u00f3n diaria es proporcionar el mejor servicio a cada uno de nuestros m\u00fasicos, tal como lo merecen y esperan. Nuestro objetivo es demostrar nuestras mejores intenciones y asegurar que puedan disfrutar de estos servicios.<\/p><\/div><\/div>\n<\/div>\n<\/div><\/div>\n","protected":false},"excerpt":{"rendered":"","protected":false},"author":1,"featured_media":0,"parent":0,"menu_order":0,"comment_status":"closed","ping_status":"closed","template":"","meta":{"_uag_custom_page_level_css":"","site-sidebar-layout":"default","site-content-layout":"","ast-site-content-layout":"","site-content-style":"default","site-sidebar-style":"default","ast-global-header-display":"","ast-banner-title-visibility":"","ast-main-header-display":"","ast-hfb-above-header-display":"","ast-hfb-below-header-display":"","ast-hfb-mobile-header-display":"","site-post-title":"disabled","ast-breadcrumbs-content":"","ast-featured-img":"","footer-sml-layout":"","theme-transparent-header-meta":"","adv-header-id-meta":"","stick-header-meta":"","header-above-stick-meta":"","header-main-stick-meta":"","header-below-stick-meta":"","astra-migrate-meta-layouts":"default","ast-page-background-enabled":"default","ast-page-background-meta":{"desktop":{"background-color":"var(--ast-global-color-4)","background-image":"","background-repeat":"repeat","background-position":"center center","background-size":"auto","background-attachment":"scroll","background-type":"","background-media":"","overlay-type":"","overlay-color":"","overlay-gradient":""},"tablet":{"background-color":"","background-image":"","background-repeat":"repeat","background-position":"center center","background-size":"auto","background-attachment":"scroll","background-type":"","background-media":"","overlay-type":"","overlay-color":"","overlay-gradient":""},"mobile":{"background-color":"","background-image":"","background-repeat":"repeat","background-position":"center center","background-size":"auto","background-attachment":"scroll","background-type":"","background-media":"","overlay-type":"","overlay-color":"","overlay-gradient":""}},"ast-content-background-meta":{"desktop":{"background-color":"var(--ast-global-color-5)","background-image":"","background-repeat":"repeat","background-position":"center center","background-size":"auto","background-attachment":"scroll","background-type":"","background-media":"","overlay-type":"","overlay-color":"","overlay-gradient":""},"tablet":{"background-color":"var(--ast-global-color-5)","background-image":"","background-repeat":"repeat","background-position":"center center","background-size":"auto","background-attachment":"scroll","background-type":"","background-media":"","overlay-type":"","overlay-color":"","overlay-gradient":""},"mobile":{"background-color":"var(--ast-global-color-5)","background-image":"","background-repeat":"repeat","background-position":"center center","background-size":"auto","background-attachment":"scroll","background-type":"","background-media":"","overlay-type":"","overlay-color":"","overlay-gradient":""}},"footnotes":""},"uagb_featured_image_src":{"full":false,"thumbnail":false,"medium":false,"medium_large":false,"large":false,"1536x1536":false,"2048x2048":false,"trp-custom-language-flag":false},"uagb_author_info":{"display_name":"jnbackline.com","author_link":"https:\/\/jnbackline.com\/es\/author\/lightgoldenrodyellow-chough-883200-hostingersite-c\/"},"uagb_comment_info":0,"uagb_excerpt":null,"_links":{"self":[{"href":"https:\/\/jnbackline.com\/es\/wp-json\/wp\/v2\/pages\/40"}],"collection":[{"href":"https:\/\/jnbackline.com\/es\/wp-json\/wp\/v2\/pages"}],"about":[{"href":"https:\/\/jnbackline.com\/es\/wp-json\/wp\/v2\/types\/page"}],"author":[{"embeddable":true,"href":"https:\/\/jnbackline.com\/es\/wp-json\/wp\/v2\/users\/1"}],"replies":[{"embeddable":true,"href":"https:\/\/jnbackline.com\/es\/wp-json\/wp\/v2\/comments?post=40"}],"version-history":[{"count":24,"href":"https:\/\/jnbackline.com\/es\/wp-json\/wp\/v2\/pages\/40\/revisions"}],"predecessor-version":[{"id":770,"href":"https:\/\/jnbackline.com\/es\/wp-json\/wp\/v2\/pages\/40\/revisions\/770"}],"wp:attachment":[{"href":"https:\/\/jnbackline.com\/es\/wp-json\/wp\/v2\/media?parent=40"}],"curies":[{"name":"wp","href":"https:\/\/api.w.org\/{rel}","templated":true}]}}