{"id":232,"date":"2024-04-22T11:09:03","date_gmt":"2024-04-22T15:09:03","guid":{"rendered":"https:\/\/jnbackline.com\/?page_id=232"},"modified":"2024-12-28T00:17:03","modified_gmt":"2024-12-28T04:17:03","slug":"request-a-quote","status":"publish","type":"page","link":"https:\/\/jnbackline.com\/en\/request-a-quote\/","title":{"rendered":"Request a Quote"},"content":{"rendered":"<div class=\"wp-block-cover alignfull\" style=\"min-height:178px;aspect-ratio:unset;\"><span aria-hidden=\"true\" class=\"wp-block-cover__background has-background-dim-70 has-background-dim\" style=\"background-color:#000000\"><\/span><img loading=\"lazy\" decoding=\"async\" width=\"1600\" height=\"1067\" class=\"wp-block-cover__image-background wp-image-411\" alt=\"\" src=\"https:\/\/jnbackline.com\/wp-content\/uploads\/2024\/04\/IMG_2562.jpg\" data-object-fit=\"cover\" srcset=\"https:\/\/jnbackline.com\/wp-content\/uploads\/2024\/04\/IMG_2562.jpg 1600w, https:\/\/jnbackline.com\/wp-content\/uploads\/2024\/04\/IMG_2562-300x200.jpg 300w, https:\/\/jnbackline.com\/wp-content\/uploads\/2024\/04\/IMG_2562-1024x683.jpg 1024w, https:\/\/jnbackline.com\/wp-content\/uploads\/2024\/04\/IMG_2562-768x512.jpg 768w, https:\/\/jnbackline.com\/wp-content\/uploads\/2024\/04\/IMG_2562-1536x1024.jpg 1536w\" sizes=\"(max-width: 1600px) 100vw, 1600px\" \/><div class=\"wp-block-cover__inner-container is-layout-flow wp-block-cover-is-layout-flow\">\n<div class=\"wp-block-uagb-advanced-heading uagb-block-40f3ad19\"><h2 class=\"uagb-heading-text\">Request a Quote<\/h2><\/div>\n<\/div><\/div>\n\n\n\n<div class=\"wp-block-uagb-container uagb-block-d139bdeb alignfull uagb-is-root-container\"><div class=\"uagb-container-inner-blocks-wrap\">\n<div class=\"wp-block-uagb-advanced-heading uagb-block-f61749fd\"><h2 class=\"uagb-heading-text\">Complete the form below to obtain a personalized quote. Provide details about your specific needs and requirements, and one of our specialists will contact you as soon as possible to discuss how we can help you. We are committed to offering tailored solutions that perfectly match your expectations.<\/h2><\/div>\n\n\n\n<div class=\"forminator-guttenberg\"><div class=\"forminator-ui forminator-custom-form forminator-custom-form-437 forminator-design--default  forminator_ajax\" data-forminator-render=\"0\" data-form=\"forminator-module-437\" data-uid=\"69e0f9306cd37\"><br\/><\/div><form\n\t\t\t\tid=\"forminator-module-437\"\n\t\t\t\tclass=\"forminator-ui forminator-custom-form forminator-custom-form-437 forminator-design--default  forminator_ajax\"\n\t\t\t\tmethod=\"post\"\n\t\t\t\tdata-forminator-render=\"0\"\n\t\t\t\tdata-form-id=\"437\"\n\t\t\t\t\n\t\t\t\tdata-design=\"default\"\n\t\t\t\t\n\t\t\t\t\n\t\t\t\t\n\t\t\t\tdata-grid=\"open\"\n\t\t\t\t\n\t\t\t\t\n\t\t\t\tstyle=\"display: none;\"\n\t\t\t\t\n\t\t\t\tdata-uid=\"69e0f9306cd37\" action=\"\"\n\t\t\t><div role=\"alert\" aria-live=\"polite\" class=\"forminator-response-message forminator-error\" aria-hidden=\"true\"><\/div><div class=\"forminator-row\"><div id=\"name-2\" class=\"forminator-field-name forminator-col forminator-col-12\"><div class=\"forminator-field\"><label for=\"forminator-field-name-2_69e0f9306cd37\" id=\"forminator-field-name-2_69e0f9306cd37-label\" class=\"forminator-label\">Name <span class=\"forminator-required\">*<\/span><\/label><input type=\"text\" name=\"name-2\" value=\"\" placeholder=\"E.g. John Doe\" id=\"forminator-field-name-2_69e0f9306cd37\" class=\"forminator-input forminator-name--field\" aria-required=\"true\" \/><\/div><\/div><\/div><div class=\"forminator-row\"><div id=\"email-1\" class=\"forminator-field-email forminator-col forminator-col-12\"><div class=\"forminator-field\"><label for=\"forminator-field-email-1_69e0f9306cd37\" id=\"forminator-field-email-1_69e0f9306cd37-label\" class=\"forminator-label\">Email <span class=\"forminator-required\">*<\/span><\/label><input type=\"email\" name=\"email-1\" value=\"\" placeholder=\"E.g. john@doe.com\" id=\"forminator-field-email-1_69e0f9306cd37\" class=\"forminator-input forminator-email--field\" data-required=\"true\" aria-required=\"true\" \/><\/div><\/div><\/div><div class=\"forminator-row\"><div id=\"phone-1\" class=\"forminator-field-phone forminator-col forminator-col-12\"><div class=\"forminator-field\"><label for=\"forminator-field-phone-1_69e0f9306cd37\" id=\"forminator-field-phone-1_69e0f9306cd37-label\" class=\"forminator-label\">Phone Number <span class=\"forminator-required\">*<\/span><\/label><input type=\"text\" name=\"phone-1\" value=\"\" placeholder=\"E.g. +1 3004005000\" id=\"forminator-field-phone-1_69e0f9306cd37\" class=\"forminator-input forminator-field--phone\" data-required=\"1\" aria-required=\"true\" autocomplete=\"off\" data-validation=\"1\" \/><\/div><\/div><\/div><div class=\"forminator-row\"><div id=\"date-1\" class=\"forminator-field-date forminator-col forminator-col-12\"><div class=\"forminator-field\"><label for=\"forminator-field-date-1-picker_69e0f9306cd37\" id=\"forminator-field-date-1-picker_69e0f9306cd37-label\" class=\"forminator-label\">Date of Event <span class=\"forminator-required\">*<\/span><\/label><div class=\"forminator-input-with-icon\"><label for=\"forminator-field-date-1-picker_69e0f9306cd37\"><span class=\"forminator-icon-calendar\" aria-hidden=\"true\"><\/span><\/label><input autocomplete=\"off\" type=\"text\" size=\"1\" name=\"date-1\" value=\"04\/16\/2026\" placeholder=\"Selecciona una Fecha\" id=\"forminator-field-date-1-picker_69e0f9306cd37\" class=\"forminator-input forminator-datepicker\" data-required=\"1\" data-format=\"mm\/dd\/yy\" data-restrict-type=\"\" data-restrict=\"\" data-start-year=\"1926\" data-end-year=\"2126\" data-past-dates=\"enable\" data-start-of-week=\"1\" data-start-date=\"\" data-end-date=\"\" data-start-field=\"\" data-end-field=\"\" data-start-offset=\"\" data-end-offset=\"\" data-disable-date=\"\" data-disable-range=\"\" \/><\/div><\/div><\/div><\/div><div class=\"forminator-row\"><div id=\"text-1\" class=\"forminator-field-text forminator-col forminator-col-12\"><div class=\"forminator-field\"><label for=\"forminator-field-text-1_69e0f9306cd37\" id=\"forminator-field-text-1_69e0f9306cd37-label\" class=\"forminator-label\">City <span class=\"forminator-required\">*<\/span><\/label><input type=\"text\" name=\"text-1\" value=\"\" placeholder=\"E.g. text placeholder\" id=\"forminator-field-text-1_69e0f9306cd37\" class=\"forminator-input forminator-name--field\" data-required=\"1\" \/><\/div><\/div><\/div><div class=\"forminator-row\"><div id=\"text-2\" class=\"forminator-field-text forminator-col forminator-col-12\"><div class=\"forminator-field\"><label for=\"forminator-field-text-2_69e0f9306cd37\" id=\"forminator-field-text-2_69e0f9306cd37-label\" class=\"forminator-label\">Place or Venue<\/label><input type=\"text\" name=\"text-2\" value=\"\" placeholder=\"E.g. text placeholder\" id=\"forminator-field-text-2_69e0f9306cd37\" class=\"forminator-input forminator-name--field\" data-required=\"\" \/><\/div><\/div><\/div><div class=\"forminator-row\"><div id=\"checkbox-1\" class=\"forminator-field-checkbox forminator-col forminator-col-12\"><div role=\"group\" class=\"forminator-field\" aria-labelledby=\"forminator-checkbox-group-69e0f9306cd37-label\"><h4 id=\"forminator-checkbox-group-69e0f9306cd37-label\" class=\"forminator-label\">Requested Equipment<\/h4><label id=\"forminator-field-checkbox-1-1-69e0f9306cd37-label\" for=\"forminator-field-checkbox-1-1-69e0f9306cd37\" class=\"forminator-checkbox\" title=\"Drums\"><input type=\"checkbox\" name=\"checkbox-1[]\" value=\"Bateria\" id=\"forminator-field-checkbox-1-1-69e0f9306cd37\" aria-labelledby=\"forminator-field-checkbox-1-1-69e0f9306cd37-label\" data-calculation=\"0\"   aria-describedby=\"forminator-field-checkbox-1-69e0f9306cd37-description\"\/><span class=\"forminator-checkbox-box\" aria-hidden=\"true\"><\/span><span class=\"forminator-checkbox-label\">Drums<\/span><\/label><label id=\"forminator-field-checkbox-1-2-69e0f9306cd37-label\" for=\"forminator-field-checkbox-1-2-69e0f9306cd37\" class=\"forminator-checkbox\" title=\"Guitar Amp\"><input type=\"checkbox\" name=\"checkbox-1[]\" value=\"Amplificador Guitarra\" id=\"forminator-field-checkbox-1-2-69e0f9306cd37\" aria-labelledby=\"forminator-field-checkbox-1-2-69e0f9306cd37-label\" data-calculation=\"0\"   aria-describedby=\"forminator-field-checkbox-1-69e0f9306cd37-description\"\/><span class=\"forminator-checkbox-box\" aria-hidden=\"true\"><\/span><span class=\"forminator-checkbox-label\">Guitar Amp<\/span><\/label><label id=\"forminator-field-checkbox-1-3-69e0f9306cd37-label\" for=\"forminator-field-checkbox-1-3-69e0f9306cd37\" class=\"forminator-checkbox\" title=\"Bass Amp\"><input type=\"checkbox\" name=\"checkbox-1[]\" value=\"Amplificador Bajo\" id=\"forminator-field-checkbox-1-3-69e0f9306cd37\" aria-labelledby=\"forminator-field-checkbox-1-3-69e0f9306cd37-label\" data-calculation=\"0\"   aria-describedby=\"forminator-field-checkbox-1-69e0f9306cd37-description\"\/><span class=\"forminator-checkbox-box\" aria-hidden=\"true\"><\/span><span class=\"forminator-checkbox-label\">Bass Amp<\/span><\/label><label id=\"forminator-field-checkbox-1-4-69e0f9306cd37-label\" for=\"forminator-field-checkbox-1-4-69e0f9306cd37\" class=\"forminator-checkbox\" title=\"Pianos\"><input type=\"checkbox\" name=\"checkbox-1[]\" value=\"Pianos\" id=\"forminator-field-checkbox-1-4-69e0f9306cd37\" aria-labelledby=\"forminator-field-checkbox-1-4-69e0f9306cd37-label\" data-calculation=\"0\"   aria-describedby=\"forminator-field-checkbox-1-69e0f9306cd37-description\"\/><span class=\"forminator-checkbox-box\" aria-hidden=\"true\"><\/span><span class=\"forminator-checkbox-label\">Pianos<\/span><\/label><label id=\"forminator-field-checkbox-1-5-69e0f9306cd37-label\" for=\"forminator-field-checkbox-1-5-69e0f9306cd37\" class=\"forminator-checkbox\" title=\"Percussion\"><input type=\"checkbox\" name=\"checkbox-1[]\" value=\"Percusi\u00f3n Menor\" id=\"forminator-field-checkbox-1-5-69e0f9306cd37\" aria-labelledby=\"forminator-field-checkbox-1-5-69e0f9306cd37-label\" data-calculation=\"0\"   aria-describedby=\"forminator-field-checkbox-1-69e0f9306cd37-description\"\/><span class=\"forminator-checkbox-box\" aria-hidden=\"true\"><\/span><span class=\"forminator-checkbox-label\">Percussion<\/span><\/label><label id=\"forminator-field-checkbox-1-6-69e0f9306cd37-label\" for=\"forminator-field-checkbox-1-6-69e0f9306cd37\" class=\"forminator-checkbox\" title=\"Other\"><input type=\"checkbox\" name=\"checkbox-1[]\" value=\"Otros\" id=\"forminator-field-checkbox-1-6-69e0f9306cd37\" aria-labelledby=\"forminator-field-checkbox-1-6-69e0f9306cd37-label\" data-calculation=\"0\"   aria-describedby=\"forminator-field-checkbox-1-69e0f9306cd37-description\"\/><span class=\"forminator-checkbox-box\" aria-hidden=\"true\"><\/span><span class=\"forminator-checkbox-label\">Other<\/span><\/label><\/div><\/div><\/div><div class=\"forminator-row\"><div id=\"textarea-2\" class=\"forminator-field-textarea forminator-col forminator-col-12\"><div class=\"forminator-field\"><label for=\"forminator-field-textarea-2_69e0f9306cd37\" id=\"forminator-field-textarea-2_69e0f9306cd37-label\" class=\"forminator-label\">Other Equipment<\/label><textarea name=\"textarea-2\" placeholder=\"Enter other equipments\" id=\"forminator-field-textarea-2_69e0f9306cd37\" class=\"forminator-textarea\" rows=\"6\" style=\"min-height:140px;\" ><\/textarea><\/div><\/div><\/div><div class=\"forminator-row\"><div id=\"textarea-1\" class=\"forminator-field-textarea forminator-col forminator-col-12\"><div class=\"forminator-field\"><label for=\"forminator-field-textarea-1_69e0f9306cd37\" id=\"forminator-field-textarea-1_69e0f9306cd37-label\" class=\"forminator-label\">Additional Notes<\/label><textarea name=\"textarea-1\" placeholder=\"Include detailed information\" id=\"forminator-field-textarea-1_69e0f9306cd37\" class=\"forminator-textarea\" rows=\"6\" style=\"min-height:140px;\" maxlength=\"300\" ><\/textarea><span id=\"forminator-field-textarea-1_69e0f9306cd37-description\" class=\"forminator-description\"><span data-limit=\"300\" data-type=\"characters\">0 \/ 300<\/span><\/span><\/div><\/div><\/div><input type=\"hidden\" name=\"referer_url\" value=\"\" \/><div class=\"forminator-row forminator-row-last\"><div class=\"forminator-col\"><div class=\"forminator-field\"><button class=\"forminator-button forminator-button-submit\">Submit<\/button><\/div><\/div><\/div><input type=\"hidden\" id=\"forminator_nonce\" name=\"forminator_nonce\" value=\"2eff1eb9c5\" \/><input type=\"hidden\" name=\"_wp_http_referer\" value=\"\/en\/wp-json\/wp\/v2\/pages\/232\" \/><input type=\"hidden\" name=\"form_id\" value=\"437\"><input type=\"hidden\" name=\"page_id\" value=\"232\"><input type=\"hidden\" name=\"form_type\" value=\"default\"><input type=\"hidden\" name=\"current_url\" value=\"https:\/\/jnbackline.com\/en\/request-a-quote\/\"><input type=\"hidden\" name=\"render_id\" value=\"0\"><input type=\"hidden\" name=\"action\" value=\"forminator_submit_form_custom-forms\"><input type=\"hidden\" name=\"trp-form-language\" value=\"en\"\/><\/form><\/div>\n<\/div><\/div>","protected":false},"excerpt":{"rendered":"<p>Completa el formulario a continuaci\u00f3n para obtener una cotizaci\u00f3n personalizada. Proporciona detalles sobre tus necesidades y requisitos espec\u00edficos, y uno [&hellip;]<\/p>","protected":false},"author":1,"featured_media":0,"parent":0,"menu_order":0,"comment_status":"closed","ping_status":"closed","template":"","meta":{"_uag_custom_page_level_css":"","site-sidebar-layout":"default","site-content-layout":"","ast-site-content-layout":"","site-content-style":"default","site-sidebar-style":"default","ast-global-header-display":"","ast-banner-title-visibility":"","ast-main-header-display":"","ast-hfb-above-header-display":"","ast-hfb-below-header-display":"","ast-hfb-mobile-header-display":"","site-post-title":"disabled","ast-breadcrumbs-content":"","ast-featured-img":"","footer-sml-layout":"","theme-transparent-header-meta":"","adv-header-id-meta":"","stick-header-meta":"","header-above-stick-meta":"","header-main-stick-meta":"","header-below-stick-meta":"","astra-migrate-meta-layouts":"default","ast-page-background-enabled":"default","ast-page-background-meta":{"desktop":{"background-color":"var(--ast-global-color-4)","background-image":"","background-repeat":"repeat","background-position":"center center","background-size":"auto","background-attachment":"scroll","background-type":"","background-media":"","overlay-type":"","overlay-color":"","overlay-gradient":""},"tablet":{"background-color":"","background-image":"","background-repeat":"repeat","background-position":"center center","background-size":"auto","background-attachment":"scroll","background-type":"","background-media":"","overlay-type":"","overlay-color":"","overlay-gradient":""},"mobile":{"background-color":"","background-image":"","background-repeat":"repeat","background-position":"center center","background-size":"auto","background-attachment":"scroll","background-type":"","background-media":"","overlay-type":"","overlay-color":"","overlay-gradient":""}},"ast-content-background-meta":{"desktop":{"background-color":"var(--ast-global-color-5)","background-image":"","background-repeat":"repeat","background-position":"center center","background-size":"auto","background-attachment":"scroll","background-type":"","background-media":"","overlay-type":"","overlay-color":"","overlay-gradient":""},"tablet":{"background-color":"var(--ast-global-color-5)","background-image":"","background-repeat":"repeat","background-position":"center center","background-size":"auto","background-attachment":"scroll","background-type":"","background-media":"","overlay-type":"","overlay-color":"","overlay-gradient":""},"mobile":{"background-color":"var(--ast-global-color-5)","background-image":"","background-repeat":"repeat","background-position":"center center","background-size":"auto","background-attachment":"scroll","background-type":"","background-media":"","overlay-type":"","overlay-color":"","overlay-gradient":""}},"footnotes":""},"uagb_featured_image_src":{"full":false,"thumbnail":false,"medium":false,"medium_large":false,"large":false,"1536x1536":false,"2048x2048":false,"trp-custom-language-flag":false},"uagb_author_info":{"display_name":"jnbackline.com","author_link":"https:\/\/jnbackline.com\/en\/author\/lightgoldenrodyellow-chough-883200-hostingersite-c\/"},"uagb_comment_info":0,"uagb_excerpt":"Completa el formulario a continuaci\u00f3n para obtener una cotizaci\u00f3n personalizada. Proporciona detalles sobre tus necesidades y requisitos espec\u00edficos, y uno [&hellip;]","_links":{"self":[{"href":"https:\/\/jnbackline.com\/en\/wp-json\/wp\/v2\/pages\/232"}],"collection":[{"href":"https:\/\/jnbackline.com\/en\/wp-json\/wp\/v2\/pages"}],"about":[{"href":"https:\/\/jnbackline.com\/en\/wp-json\/wp\/v2\/types\/page"}],"author":[{"embeddable":true,"href":"https:\/\/jnbackline.com\/en\/wp-json\/wp\/v2\/users\/1"}],"replies":[{"embeddable":true,"href":"https:\/\/jnbackline.com\/en\/wp-json\/wp\/v2\/comments?post=232"}],"version-history":[{"count":20,"href":"https:\/\/jnbackline.com\/en\/wp-json\/wp\/v2\/pages\/232\/revisions"}],"predecessor-version":[{"id":774,"href":"https:\/\/jnbackline.com\/en\/wp-json\/wp\/v2\/pages\/232\/revisions\/774"}],"wp:attachment":[{"href":"https:\/\/jnbackline.com\/en\/wp-json\/wp\/v2\/media?parent=232"}],"curies":[{"name":"wp","href":"https:\/\/api.w.org\/{rel}","templated":true}]}}